{"id":126,"date":"2022-03-23T12:50:12","date_gmt":"2022-03-23T12:50:12","guid":{"rendered":"https:\/\/www.polonia.cl\/web\/?page_id=126"},"modified":"2022-05-04T20:08:58","modified_gmt":"2022-05-04T20:08:58","slug":"polonijna-przedsiebiorczosc","status":"publish","type":"page","link":"https:\/\/www.polonia.cl\/web\/polonijna-przedsiebiorczosc\/","title":{"rendered":"POLONIA.CL &#8211; Polonijna Przedsi\u0119biorczo\u015b\u0107"},"content":{"rendered":"<!--themify_builder_content-->\n<div id=\"themify_builder_content-126\" data-postid=\"126\" class=\"themify_builder_content themify_builder_content-126 themify_builder tf_clear\">\n                    <div  data-lazy=\"1\" class=\"module_row themify_builder_row tb_u7q5460 tb_first tf_w\">\n                        <div class=\"row_inner col_align_top tb_col_count_1 tf_box tf_rel\">\n                        <div  data-lazy=\"1\" class=\"module_column tb-column col-full tb_umdg461 first\">\n                    <!-- module divider -->\n<div  class=\"module tf_mw module-divider tb_1lwh323 dotted   \" style=\"border-width: 2px;border-color: #c92c2c;\" data-lazy=\"1\">\n    <\/div>\n<!-- \/module divider -->\n<!-- module text -->\n<div  class=\"module module-text tb_p462321   \" data-lazy=\"1\">\n        <div  class=\"tb_text_wrap\">\n        <h3>\u00a0<\/h3>\n<h2 style=\"text-align: center;\"><span style=\"color: #177791;\">Polonijna przedsi\u0119biorczo\u015b\u0107 w Chile:<\/span><\/h2>\n<p>\u00a0<\/p>    <\/div>\n<\/div>\n<!-- \/module text -->        <\/div>\n                        <\/div>\n        <\/div>\n                        <div  data-lazy=\"1\" class=\"module_row themify_builder_row tb_14bu334 tf_w\">\n                        <div class=\"row_inner col_align_top tb_col_count_1 tf_box tf_rel\">\n                        <div  data-lazy=\"1\" class=\"module_column tb-column col-full tb_jxyi335 first\">\n                            <div  data-lazy=\"1\" class=\"module_subrow themify_builder_sub_row tf_w col_align_top tb_col_count_1 tb_bfjo335\">\n                <div  data-lazy=\"1\" class=\"module_column sub_column col-full tb_oa21336 first\">\n                    <!-- module text -->\n<div  class=\"module module-text tb_maq1337   \" data-lazy=\"1\">\n        <div  class=\"tb_text_wrap\">\n        <p style=\"text-align: center;\"><div class=\"pt-cv-wrapper\"><div class=\"pt-cv-view pt-cv-grid pt-cv-colsys\" id=\"pt-cv-view-4f22ac3yc8\"><div data-id=\"pt-cv-page-1\" class=\"pt-cv-page\" data-cvc=\"3\"><div class=\"col-md-4 col-sm-6 col-xs-12 pt-cv-content-item pt-cv-1-col\" ><div class='pt-cv-ifield'><a href=\"https:\/\/www.polonia.cl\/web\/tdf-patagonia-tour-i-south-adventure-travel-turystyka\/\" class=\"_self pt-cv-href-thumbnail pt-cv-thumb-default\" target=\"_self\" ><img loading=\"lazy\" decoding=\"async\" width=\"380\" height=\"152\" src=\"https:\/\/www.polonia.cl\/web\/wp-content\/uploads\/2023\/11\/tdf-380x152.png\" class=\"pt-cv-thumbnail\" alt=\"\" srcset=\"https:\/\/www.polonia.cl\/web\/wp-content\/uploads\/2023\/11\/tdf-380x152.png 380w, https:\/\/www.polonia.cl\/web\/wp-content\/uploads\/2023\/11\/tdf-1140x456.png 1140w\" sizes=\"auto, (max-width: 380px) 100vw, 380px\" \/><\/a>\n<p class=\"pt-cv-title\"><a href=\"https:\/\/www.polonia.cl\/web\/tdf-patagonia-tour-i-south-adventure-travel-turystyka\/\" class=\"_self\" target=\"_self\" >TDF Patagonia Tour i South Adventure Travel (Turystyka)<\/a><\/p><\/div><\/div>\n<div class=\"col-md-4 col-sm-6 col-xs-12 pt-cv-content-item pt-cv-1-col\" ><div class='pt-cv-ifield'><a href=\"https:\/\/www.polonia.cl\/web\/lodge-los-bosques-hotel\/\" class=\"_self pt-cv-href-thumbnail pt-cv-thumb-default\" target=\"_self\" ><img loading=\"lazy\" decoding=\"async\" width=\"380\" height=\"152\" src=\"https:\/\/www.polonia.cl\/web\/wp-content\/uploads\/2022\/05\/los-bosques-logo-903-380x152.png\" class=\"pt-cv-thumbnail\" alt=\"\" \/><\/a>\n<p class=\"pt-cv-title\"><a href=\"https:\/\/www.polonia.cl\/web\/lodge-los-bosques-hotel\/\" class=\"_self\" target=\"_self\" >Lodge Los Bosques (Hotel)<\/a><\/p><\/div><\/div>\n<div class=\"col-md-4 col-sm-6 col-xs-12 pt-cv-content-item pt-cv-1-col\" ><div class='pt-cv-ifield'><a href=\"https:\/\/www.polonia.cl\/web\/riomar-hotel\/\" class=\"_self pt-cv-href-thumbnail pt-cv-thumb-default\" target=\"_self\" ><img loading=\"lazy\" decoding=\"async\" width=\"380\" height=\"152\" src=\"https:\/\/www.polonia.cl\/web\/wp-content\/uploads\/2022\/04\/riomar2-380x152.png\" class=\"pt-cv-thumbnail\" alt=\"\" srcset=\"https:\/\/www.polonia.cl\/web\/wp-content\/uploads\/2022\/04\/riomar2-380x152.png 380w, https:\/\/www.polonia.cl\/web\/wp-content\/uploads\/2022\/04\/riomar2-20x8.png 20w\" sizes=\"auto, (max-width: 380px) 100vw, 380px\" \/><\/a>\n<p class=\"pt-cv-title\"><a href=\"https:\/\/www.polonia.cl\/web\/riomar-hotel\/\" class=\"_self\" target=\"_self\" >Riomar (Hotel)<\/a><\/p><\/div><\/div>\n<div class=\"col-md-4 col-sm-6 col-xs-12 pt-cv-content-item pt-cv-1-col\" ><div class='pt-cv-ifield'><a href=\"https:\/\/www.polonia.cl\/web\/alta-alcurnia-winiarnia\/\" class=\"_self pt-cv-href-thumbnail pt-cv-thumb-default\" target=\"_self\" ><img loading=\"lazy\" decoding=\"async\" width=\"380\" height=\"152\" src=\"https:\/\/www.polonia.cl\/web\/wp-content\/uploads\/2022\/04\/ALTA-ALCURNIA-LOGO-hoja-1-380x152.png\" class=\"pt-cv-thumbnail\" alt=\"\" srcset=\"https:\/\/www.polonia.cl\/web\/wp-content\/uploads\/2022\/04\/ALTA-ALCURNIA-LOGO-hoja-1-380x152.png 380w, https:\/\/www.polonia.cl\/web\/wp-content\/uploads\/2022\/04\/ALTA-ALCURNIA-LOGO-hoja-1-1140x456.png 1140w\" sizes=\"auto, (max-width: 380px) 100vw, 380px\" \/><\/a>\n<p class=\"pt-cv-title\"><a href=\"https:\/\/www.polonia.cl\/web\/alta-alcurnia-winiarnia\/\" class=\"_self\" target=\"_self\" >Alta Alcurnia (Winiarnia)<\/a><\/p><\/div><\/div>\n<div class=\"col-md-4 col-sm-6 col-xs-12 pt-cv-content-item pt-cv-1-col\" ><div class='pt-cv-ifield'><a href=\"https:\/\/www.polonia.cl\/web\/mm-studio-fotografia\/\" class=\"_self pt-cv-href-thumbnail pt-cv-thumb-default\" target=\"_self\" ><img loading=\"lazy\" decoding=\"async\" width=\"380\" height=\"152\" src=\"https:\/\/www.polonia.cl\/web\/wp-content\/uploads\/2022\/04\/465817_165415493584465_1479890149_o-380x152.jpg\" class=\"pt-cv-thumbnail\" alt=\"\" srcset=\"https:\/\/www.polonia.cl\/web\/wp-content\/uploads\/2022\/04\/465817_165415493584465_1479890149_o-380x152.jpg 380w, https:\/\/www.polonia.cl\/web\/wp-content\/uploads\/2022\/04\/465817_165415493584465_1479890149_o-1140x456.jpg 1140w\" sizes=\"auto, (max-width: 380px) 100vw, 380px\" \/><\/a>\n<p class=\"pt-cv-title\"><a href=\"https:\/\/www.polonia.cl\/web\/mm-studio-fotografia\/\" class=\"_self\" target=\"_self\" >MM Studio (Fotografia)<\/a><\/p><\/div><\/div>\n<div class=\"col-md-4 col-sm-6 col-xs-12 pt-cv-content-item pt-cv-1-col\" ><div class='pt-cv-ifield'><a href=\"https:\/\/www.polonia.cl\/web\/kokoshka-design\/\" class=\"_self pt-cv-href-thumbnail pt-cv-thumb-default\" target=\"_self\" ><img loading=\"lazy\" decoding=\"async\" width=\"380\" height=\"152\" src=\"https:\/\/www.polonia.cl\/web\/wp-content\/uploads\/2022\/04\/56616277_561557487661530_5291760022068396032_n2-380x152.jpg\" class=\"pt-cv-thumbnail\" alt=\"\" \/><\/a>\n<p class=\"pt-cv-title\"><a href=\"https:\/\/www.polonia.cl\/web\/kokoshka-design\/\" class=\"_self\" target=\"_self\" >Kokoshka (Design)<\/a><\/p><\/div><\/div>\n<div class=\"col-md-4 col-sm-6 col-xs-12 pt-cv-content-item pt-cv-1-col\" ><div class='pt-cv-ifield'><a href=\"https:\/\/www.polonia.cl\/web\/zuza-bizuteria\/\" class=\"_self pt-cv-href-thumbnail pt-cv-thumb-default\" target=\"_self\" ><img loading=\"lazy\" decoding=\"async\" width=\"380\" height=\"152\" src=\"https:\/\/www.polonia.cl\/web\/wp-content\/uploads\/2022\/04\/ZUZA_H2_B_SMALL2-380x152.png\" class=\"pt-cv-thumbnail\" alt=\"\" srcset=\"https:\/\/www.polonia.cl\/web\/wp-content\/uploads\/2022\/04\/ZUZA_H2_B_SMALL2-380x152.png 380w, https:\/\/www.polonia.cl\/web\/wp-content\/uploads\/2022\/04\/ZUZA_H2_B_SMALL2-1140x456.png 1140w\" sizes=\"auto, (max-width: 380px) 100vw, 380px\" \/><\/a>\n<p class=\"pt-cv-title\"><a href=\"https:\/\/www.polonia.cl\/web\/zuza-bizuteria\/\" class=\"_self\" target=\"_self\" >ZUZA (Bi\u017cuteria)<\/a><\/p><\/div><\/div>\n<div class=\"col-md-4 col-sm-6 col-xs-12 pt-cv-content-item pt-cv-1-col\" ><div class='pt-cv-ifield'><a href=\"https:\/\/www.polonia.cl\/web\/sidor-abogados-usl-prawne\/\" class=\"_self pt-cv-href-thumbnail pt-cv-thumb-default\" target=\"_self\" ><img loading=\"lazy\" decoding=\"async\" width=\"380\" height=\"152\" src=\"https:\/\/www.polonia.cl\/web\/wp-content\/uploads\/2022\/04\/logo-alargado-2-380x152.png\" class=\"pt-cv-thumbnail\" alt=\"\" \/><\/a>\n<p class=\"pt-cv-title\"><a href=\"https:\/\/www.polonia.cl\/web\/sidor-abogados-usl-prawne\/\" class=\"_self\" target=\"_self\" >Sidor Abogados (Us\u0142. prawne)<\/a><\/p><\/div><\/div>\n<div class=\"col-md-4 col-sm-6 col-xs-12 pt-cv-content-item pt-cv-1-col\" ><div class='pt-cv-ifield'><a href=\"https:\/\/www.polonia.cl\/web\/bakus-przyczepy\/\" class=\"_self pt-cv-href-thumbnail pt-cv-thumb-default\" target=\"_self\" ><img loading=\"lazy\" decoding=\"async\" width=\"380\" height=\"152\" src=\"https:\/\/www.polonia.cl\/web\/wp-content\/uploads\/2022\/05\/bakus-2-380x152.png\" class=\"pt-cv-thumbnail\" alt=\"\" srcset=\"https:\/\/www.polonia.cl\/web\/wp-content\/uploads\/2022\/05\/bakus-2-380x152.png 380w, https:\/\/www.polonia.cl\/web\/wp-content\/uploads\/2022\/05\/bakus-2-1140x456.png 1140w\" sizes=\"auto, (max-width: 380px) 100vw, 380px\" \/><\/a>\n<p class=\"pt-cv-title\"><a href=\"https:\/\/www.polonia.cl\/web\/bakus-przyczepy\/\" class=\"_self\" target=\"_self\" >Bakus (Przyczepy)<\/a><\/p><\/div><\/div><\/div><\/div>\n<div class=\" pt-cv-pagination-wrapper\"><ul class=\"pt-cv-pagination pt-cv-ajax pagination\" data-totalpages=\"2\" data-currentpage=\"1\" data-sid=\"4f22ac3yc8\" data-unid=\"\" data-isblock=\"\" data-postid=\"\"><li class=\"active\"><a href=\"#\">1<\/a><\/li>\n\t<li ><a class=\"\" href=\"https:\/\/www.polonia.cl\/web\/wp-json\/wp\/v2\/pages\/126\/?_page=2\">2<\/a><\/li>\n\t<li ><a class=\" \" href=\"https:\/\/www.polonia.cl\/web\/wp-json\/wp\/v2\/pages\/126\/?_page=2\">&rsaquo;<\/a><\/li>\n\t<\/ul><img loading=\"lazy\" decoding=\"async\" width=\"15\" height=\"15\" class=\"pt-cv-spinner\" alt=\"Loading...\" src=\"data:image\/gif;base64,R0lGODlhDwAPALMPAMrKygwMDJOTkz09PZWVla+vr3p6euTk5M7OzuXl5TMzMwAAAJmZmWZmZszMzP\/\/\/yH\/C05FVFNDQVBFMi4wAwEAAAAh+QQFCgAPACwAAAAADwAPAAAEQvDJaZaZOIcV8iQK8VRX4iTYoAwZ4iCYoAjZ4RxejhVNoT+mRGP4cyF4Pp0N98sBGIBMEMOotl6YZ3S61Bmbkm4mAgAh+QQFCgAPACwAAAAADQANAAAENPDJSRSZeA418itN8QiK8BiLITVsFiyBBIoYqnoewAD4xPw9iY4XLGYSjkQR4UAUD45DLwIAIfkEBQoADwAsAAAAAA8ACQAABC\/wyVlamTi3nSdgwFNdhEJgTJoNyoB9ISYoQmdjiZPcj7EYCAeCF1gEDo4Dz2eIAAAh+QQFCgAPACwCAAAADQANAAAEM\/DJBxiYeLKdX3IJZT1FU0iIg2RNKx3OkZVnZ98ToRD4MyiDnkAh6BkNC0MvsAj0kMpHBAAh+QQFCgAPACwGAAAACQAPAAAEMDC59KpFDll73HkAA2wVY5KgiK5b0RRoI6MuzG6EQqCDMlSGheEhUAgqgUUAFRySIgAh+QQFCgAPACwCAAIADQANAAAEM\/DJKZNLND\/kkKaHc3xk+QAMYDKsiaqmZCxGVjSFFCxB1vwy2oOgIDxuucxAMTAJFAJNBAAh+QQFCgAPACwAAAYADwAJAAAEMNAs86q1yaWwwv2Ig0jUZx3OYa4XoRAfwADXoAwfo1+CIjyFRuEho60aSNYlOPxEAAAh+QQFCgAPACwAAAIADQANAAAENPA9s4y8+IUVcqaWJ4qEQozSoAzoIyhCK2NFU2SJk0hNnyEOhKR2AzAAj4Pj4GE4W0bkJQIAOw==\" \/><div class=\"clear pt-cv-clear-pagination\"><\/div><\/div><\/div><\/p>    <\/div>\n<\/div>\n<!-- \/module text -->        <\/div>\n                    <\/div>\n                <\/div>\n                        <\/div>\n        <\/div>\n        <\/div>\n<!--\/themify_builder_content-->","protected":false},"excerpt":{"rendered":"<p>\u00a0 Polonijna przedsi\u0119biorczo\u015b\u0107 w Chile: \u00a0<\/p>\n","protected":false},"author":1,"featured_media":0,"parent":0,"menu_order":0,"comment_status":"closed","ping_status":"closed","template":"","meta":{"footnotes":""},"class_list":["post-126","page","type-page","status-publish","hentry"],"builder_content":"\n<h3>\u00a0<\/h3> <h2 style=\"text-align: center;\">Polonijna przedsi\u0119biorczo\u015b\u0107 w Chile:<\/h2> <p>\u00a0<\/p>\n<p style=\"text-align: center;\">[pt_view id=\"4f22ac3yc8\"]<\/p>","rttpg_featured_image_url":null,"rttpg_author":{"display_name":"admin","author_link":false},"rttpg_comment":0,"rttpg_category":null,"rttpg_excerpt":"\u00a0 Polonijna przedsi\u0119biorczo\u015b\u0107 w Chile: \u00a0","_links":{"self":[{"href":"https:\/\/www.polonia.cl\/web\/wp-json\/wp\/v2\/pages\/126","targetHints":{"allow":["GET"]}}],"collection":[{"href":"https:\/\/www.polonia.cl\/web\/wp-json\/wp\/v2\/pages"}],"about":[{"href":"https:\/\/www.polonia.cl\/web\/wp-json\/wp\/v2\/types\/page"}],"author":[{"embeddable":true,"href":"https:\/\/www.polonia.cl\/web\/wp-json\/wp\/v2\/users\/1"}],"replies":[{"embeddable":true,"href":"https:\/\/www.polonia.cl\/web\/wp-json\/wp\/v2\/comments?post=126"}],"version-history":[{"count":6,"href":"https:\/\/www.polonia.cl\/web\/wp-json\/wp\/v2\/pages\/126\/revisions"}],"predecessor-version":[{"id":1365,"href":"https:\/\/www.polonia.cl\/web\/wp-json\/wp\/v2\/pages\/126\/revisions\/1365"}],"wp:attachment":[{"href":"https:\/\/www.polonia.cl\/web\/wp-json\/wp\/v2\/media?parent=126"}],"curies":[{"name":"wp","href":"https:\/\/api.w.org\/{rel}","templated":true}]}}