{"id":137,"date":"2022-03-23T13:28:18","date_gmt":"2022-03-23T13:28:18","guid":{"rendered":"https:\/\/www.polonia.cl\/web\/?page_id=137"},"modified":"2023-02-23T16:50:18","modified_gmt":"2023-02-23T16:50:18","slug":"kontakt","status":"publish","type":"page","link":"https:\/\/www.polonia.cl\/web\/kontakt\/","title":{"rendered":"POLONIA.CL &#8211; Kontakt"},"content":{"rendered":"<!--themify_builder_content-->\n<div id=\"themify_builder_content-137\" data-postid=\"137\" class=\"themify_builder_content themify_builder_content-137 themify_builder tf_clear\">\n                    <div  data-lazy=\"1\" class=\"module_row themify_builder_row tb_6men287 tb_first tf_w\">\n                        <div class=\"row_inner col_align_top tb_col_count_1 tf_box tf_rel\">\n                        <div  data-lazy=\"1\" class=\"module_column tb-column col-full tb_may8287 first\">\n                    <!-- module divider -->\n<div  class=\"module tf_mw module-divider tb_2h95845 dotted   \" style=\"border-width: 2px;border-color: #ba3030;\" data-lazy=\"1\">\n    <\/div>\n<!-- \/module divider -->\n        <\/div>\n                        <\/div>\n        <\/div>\n                        <div  data-lazy=\"1\" class=\"module_row themify_builder_row tb_m3i5280 tf_w\">\n                        <div class=\"row_inner col_align_top tb_col_count_1 tf_box tf_rel\">\n                        <div  data-lazy=\"1\" class=\"module_column tb-column col-full tb_hntb280 first\">\n                    <!-- module text -->\n<div  class=\"module module-text tb_wlw5601   \" data-lazy=\"1\">\n        <div  class=\"tb_text_wrap\">\n        <h3>\u00a0<\/h3>\n<h2 style=\"text-align: center;\"><span style=\"color: #177791;\">Kontakt &#8211; dodaj tre\u015b\u0107:<\/span><\/h2>    <\/div>\n<\/div>\n<!-- \/module text --><!-- module text -->\n<div  class=\"module module-text tb_1ir0602   \" data-lazy=\"1\">\n        <div  class=\"tb_text_wrap\">\n        <p style=\"text-align: justify;\">\n<div class=\"wpcf7 no-js\" id=\"wpcf7-f29-o1\" lang=\"en\" dir=\"ltr\" data-wpcf7-id=\"29\">\n<div class=\"screen-reader-response\"><p role=\"status\" aria-live=\"polite\" aria-atomic=\"true\"><\/p> <ul><\/ul><\/div>\n<form action=\"\/web\/wp-json\/wp\/v2\/pages\/137#wpcf7-f29-o1\" method=\"post\" class=\"wpcf7-form init\" aria-label=\"Contact form\" enctype=\"multipart\/form-data\" novalidate=\"novalidate\" data-status=\"init\">\n<fieldset class=\"hidden-fields-container\"><input type=\"hidden\" name=\"_wpcf7\" value=\"29\" \/><input type=\"hidden\" name=\"_wpcf7_version\" value=\"6.1.5\" \/><input type=\"hidden\" name=\"_wpcf7_locale\" value=\"en\" \/><input type=\"hidden\" name=\"_wpcf7_unit_tag\" value=\"wpcf7-f29-o1\" \/><input type=\"hidden\" name=\"_wpcf7_container_post\" value=\"0\" \/><input type=\"hidden\" name=\"_wpcf7_posted_data_hash\" value=\"\" \/>\n<\/fieldset>\n<p>Portal www.polonia.cl powsta\u0142 przede wszystkim od i dla Polonii w Chile. Ka\u017cdy z Was mo\u017ce zamie\u015bci\u0107 dowolny materia\u0142 w postaci np. og\u0142oszenia, oferty itd., korzystaj\u0105c z poni\u017cszego formularza. Przes\u0142ana informacja lub materia\u0142 zostanie opublikowania w max. 24h od daty zg\u0142oszenia.\n<\/p>\n<p><label> Imi\u0119:<br \/>\n<span class=\"wpcf7-form-control-wrap\" data-name=\"your-name\"><input size=\"40\" maxlength=\"400\" class=\"wpcf7-form-control wpcf7-text wpcf7-validates-as-required\" aria-required=\"true\" aria-invalid=\"false\" value=\"\" type=\"text\" name=\"your-name\" \/><\/span> <\/label>\n<\/p>\n<p><label> E-Mail:<br \/>\n<span class=\"wpcf7-form-control-wrap\" data-name=\"your-email\"><input size=\"40\" maxlength=\"400\" class=\"wpcf7-form-control wpcf7-email wpcf7-validates-as-required wpcf7-text wpcf7-validates-as-email\" aria-required=\"true\" aria-invalid=\"false\" value=\"\" type=\"email\" name=\"your-email\" \/><\/span> <\/label>\n<\/p>\n<p><label> Temat:<br \/>\n<span class=\"wpcf7-form-control-wrap\" data-name=\"your-subject\"><input size=\"40\" maxlength=\"400\" class=\"wpcf7-form-control wpcf7-text wpcf7-validates-as-required\" aria-required=\"true\" aria-invalid=\"false\" value=\"\" type=\"text\" name=\"your-subject\" \/><\/span> <\/label>\n<\/p>\n<p><label> Wiadomo\u015b\u0107:<br \/>\n<span class=\"wpcf7-form-control-wrap\" data-name=\"your-message\"><textarea cols=\"40\" rows=\"10\" maxlength=\"2000\" class=\"wpcf7-form-control wpcf7-textarea\" aria-invalid=\"false\" name=\"your-message\"><\/textarea><\/span> <\/label>\n<\/p>\n<p><label> Do\u0142\u0105cz pliki lub link:<br \/>\n<span class=\"wpcf7-form-control-wrap\" data-name=\"text-54\"><input size=\"40\" maxlength=\"400\" class=\"wpcf7-form-control wpcf7-text\" aria-invalid=\"false\" value=\"\" type=\"text\" name=\"text-54\" \/><\/span> <\/label>\n<\/p>\n<p><label>Za\u0142\u0105cz plik<br \/>\n<span class=\"wpcf7-form-control-wrap\" data-name=\"file-7\"><input size=\"40\" class=\"wpcf7-form-control wpcf7-file\" accept=\"audio\/*,video\/*,image\/*\" aria-invalid=\"false\" type=\"file\" name=\"file-7\" \/><\/span> <\/label>\n<\/p>\n<p><input class=\"wpcf7-form-control wpcf7-submit has-spinner\" type=\"submit\" value=\"Wy\u015blij\" \/>\n<\/p><div class=\"wpcf7-response-output\" aria-hidden=\"true\"><\/div>\n<\/form>\n<\/div>\n<\/p>    <\/div>\n<\/div>\n<!-- \/module text -->        <\/div>\n                        <\/div>\n        <\/div>\n                        <div  data-lazy=\"1\" class=\"module_row themify_builder_row tb_ktas13 tf_w\">\n                        <div class=\"row_inner col_align_top tb_col_count_1 tf_box tf_rel\">\n                        <div  data-lazy=\"1\" class=\"module_column tb-column col-full tb_css714 first\">\n                    <!-- module divider -->\n<div  class=\"module tf_mw module-divider tb_0e7q14 dotted   \" style=\"border-width: 2px;border-color: #ba3030;margin-top: 10px;margin-bottom: 20px;\" data-lazy=\"1\">\n    <\/div>\n<!-- \/module divider -->\n<!-- module text -->\n<div  class=\"module module-text tb_njwp14   \" data-lazy=\"1\">\n        <div  class=\"tb_text_wrap\">\n        <h2 style=\"text-align: center;\"><span style=\"color: #177791;\">Kontakt z Poloni\u0105 w Chile:<\/span><\/h2>\n<p>\u00a0<\/p>    <\/div>\n<\/div>\n<!-- \/module text -->        <div  data-lazy=\"1\" class=\"module_subrow themify_builder_sub_row tf_w col_align_top tb_col_count_3 tb_u9o0811\">\n                <div  data-lazy=\"1\" class=\"module_column sub_column col3-1 tb_00a4812 first\">\n                    <!-- module image -->\n<div  class=\"module module-image tb_3raz15 image-top rounded  tf_mw\" data-lazy=\"1\">\n        <div class=\"image-wrap tf_rel tf_mw\">\n            <img loading=\"lazy\" decoding=\"async\" src=\"https:\/\/www.polonia.cl\/web\/wp-content\/uploads\/2022\/05\/facebook_logo_portada-40x40.jpg\" width=\"40\" height=\"40\" class=\"wp-post-image wp-image-1298\" title=\"facebook_logo_portada\" alt=\"facebook_logo_portada\" srcset=\"https:\/\/www.polonia.cl\/web\/wp-content\/uploads\/2022\/05\/facebook_logo_portada-40x40.jpg 40w, https:\/\/www.polonia.cl\/web\/wp-content\/uploads\/2022\/05\/facebook_logo_portada-150x150.jpg 150w, https:\/\/www.polonia.cl\/web\/wp-content\/uploads\/2022\/05\/facebook_logo_portada-53x53.jpg 53w, https:\/\/www.polonia.cl\/web\/wp-content\/uploads\/2022\/05\/facebook_logo_portada-85x85.jpg 85w, https:\/\/www.polonia.cl\/web\/wp-content\/uploads\/2022\/05\/facebook_logo_portada-570x570.jpg 570w, https:\/\/www.polonia.cl\/web\/wp-content\/uploads\/2022\/05\/facebook_logo_portada-380x380.jpg 380w, https:\/\/www.polonia.cl\/web\/wp-content\/uploads\/2022\/05\/facebook_logo_portada-285x285.jpg 285w\" sizes=\"auto, (max-width: 40px) 100vw, 40px\" \/>    \n        <\/div>\n    <!-- \/image-wrap -->\n    \n        <\/div>\n<!-- \/module image --><!-- module text -->\n<div  class=\"module module-text tb_tflk16   \" data-lazy=\"1\">\n        <div  class=\"tb_text_wrap\">\n        <ul>\n<li>\n<h4><a href=\"https:\/\/www.facebook.com\/groups\/758150177651505\" target=\"_blank\" rel=\"noopener\">Polacy w Santiago de Chile<\/a><\/h4>\n<\/li>\n<li>\n<h4><a href=\"https:\/\/www.facebook.com\/login\/?next=https%3A%2F%2Fwww.facebook.com%2FPLenChile\" target=\"_blank\" rel=\"noopener\">Ambasada RP w Santiago<\/a><\/h4>\n<\/li>\n<li>\n<h4><a href=\"https:\/\/pl-pl.facebook.com\/polonia.chile\/\" target=\"_blank\" rel=\"noopener\">Polonia Chile<\/a><\/h4>\n<\/li>\n<li>\n<h4><a href=\"https:\/\/pl-pl.facebook.com\/login\/?next=https%3A%2F%2Fpl-pl.facebook.com%2Fpolacywchile\" target=\"_blank\" rel=\"noopener\">Club Polaco Polacy w Chile<\/a><\/h4>\n<\/li>\n<\/ul>\n<p>\u00a0<\/p>    <\/div>\n<\/div>\n<!-- \/module text -->        <\/div>\n                    <div  data-lazy=\"1\" class=\"module_column sub_column col3-1 tb_nkt4812\">\n                    <!-- module image -->\n<div  class=\"module module-image tb_c5xt16 image-top rounded  tf_mw\" data-lazy=\"1\">\n        <div class=\"image-wrap tf_rel tf_mw\">\n            <img loading=\"lazy\" decoding=\"async\" src=\"https:\/\/www.polonia.cl\/web\/wp-content\/uploads\/2022\/05\/Telegram-logo-1024x640-35x35.png\" width=\"35\" height=\"35\" class=\"wp-post-image wp-image-1305\" title=\"Telegram-logo\" alt=\"Telegram-logo\" srcset=\"https:\/\/www.polonia.cl\/web\/wp-content\/uploads\/2022\/05\/Telegram-logo-1024x640-35x35.png 35w, https:\/\/www.polonia.cl\/web\/wp-content\/uploads\/2022\/05\/Telegram-logo-150x150.png 150w, https:\/\/www.polonia.cl\/web\/wp-content\/uploads\/2022\/05\/Telegram-logo-53x53.png 53w, https:\/\/www.polonia.cl\/web\/wp-content\/uploads\/2022\/05\/Telegram-logo-85x85.png 85w, https:\/\/www.polonia.cl\/web\/wp-content\/uploads\/2022\/05\/Telegram-logo-570x570.png 570w, https:\/\/www.polonia.cl\/web\/wp-content\/uploads\/2022\/05\/Telegram-logo-380x380.png 380w, https:\/\/www.polonia.cl\/web\/wp-content\/uploads\/2022\/05\/Telegram-logo-285x285.png 285w, https:\/\/www.polonia.cl\/web\/wp-content\/uploads\/2022\/05\/Telegram-logo-1024x640-40x40.png 40w, https:\/\/www.polonia.cl\/web\/wp-content\/uploads\/2022\/05\/Telegram-logo-1024x640-30x30.png 30w\" sizes=\"auto, (max-width: 35px) 100vw, 35px\" \/>    \n        <\/div>\n    <!-- \/image-wrap -->\n    \n        <\/div>\n<!-- \/module image --><!-- module text -->\n<div  class=\"module module-text tb_a5ws17   \" data-lazy=\"1\">\n        <div  class=\"tb_text_wrap\">\n        <ul>\n<li>\n<h4><a href=\"https:\/\/t.me\/+IuipeL6meK00YzBk\" target=\"_blank\" rel=\"noopener\">Polonia.cl<\/a><\/h4>\n<\/li>\n<\/ul>\n<p>\u00a0<\/p>\n<p>\u00a0<\/p>\n<p>\u00a0<\/p>\n<p>\u00a0<\/p>    <\/div>\n<\/div>\n<!-- \/module text -->        <\/div>\n                    <div  data-lazy=\"1\" class=\"module_column sub_column col3-1 tb_6eni813 last\">\n                    <!-- module image -->\n<div  class=\"module module-image tb_uo5617 image-top rounded  tf_mw\" data-lazy=\"1\">\n        <div class=\"image-wrap tf_rel tf_mw\">\n            <img loading=\"lazy\" decoding=\"async\" src=\"https:\/\/www.polonia.cl\/web\/wp-content\/uploads\/2022\/05\/WhatsApp.svg-40x40.webp\" width=\"40\" height=\"40\" class=\"wp-post-image wp-image-1274\" title=\"WhatsApp.svg\" alt=\"WhatsApp.svg\" srcset=\"https:\/\/www.polonia.cl\/web\/wp-content\/uploads\/2022\/05\/WhatsApp.svg-40x40.webp 40w, https:\/\/www.polonia.cl\/web\/wp-content\/uploads\/2022\/05\/WhatsApp.svg-298x300.webp 298w, https:\/\/www.polonia.cl\/web\/wp-content\/uploads\/2022\/05\/WhatsApp.svg-150x150.webp 150w, https:\/\/www.polonia.cl\/web\/wp-content\/uploads\/2022\/05\/WhatsApp.svg-53x53.webp 53w, https:\/\/www.polonia.cl\/web\/wp-content\/uploads\/2022\/05\/WhatsApp.svg-85x85.webp 85w, https:\/\/www.polonia.cl\/web\/wp-content\/uploads\/2022\/05\/WhatsApp.svg-380x380.webp 380w, https:\/\/www.polonia.cl\/web\/wp-content\/uploads\/2022\/05\/WhatsApp.svg-285x285.webp 285w, https:\/\/www.polonia.cl\/web\/wp-content\/uploads\/2022\/05\/WhatsApp.svg-100x100.webp 100w, https:\/\/www.polonia.cl\/web\/wp-content\/uploads\/2022\/05\/WhatsApp.svg-50x50.webp 50w, https:\/\/www.polonia.cl\/web\/wp-content\/uploads\/2022\/05\/WhatsApp.svg-30x30.webp 30w, https:\/\/www.polonia.cl\/web\/wp-content\/uploads\/2022\/05\/WhatsApp.svg.webp 479w\" sizes=\"auto, (max-width: 40px) 100vw, 40px\" \/>    \n        <\/div>\n    <!-- \/image-wrap -->\n    \n        <\/div>\n<!-- \/module image --><!-- module text -->\n<div  class=\"module module-text tb_npn3166   \" data-lazy=\"1\">\n        <div  class=\"tb_text_wrap\">\n        <ul>\n<li>\n<h4><a href=\"https:\/\/www.facebook.com\/groups\/758150177651505\" target=\"_blank\" rel=\"noopener\">Biuletyn dla Polak\u00f3w<\/a><\/h4>\n<\/li>\n<\/ul>\n<p>\u00a0<\/p>\n<p>\u00a0<\/p>\n<p>\u00a0<\/p>\n<p>\u00a0<\/p>    <\/div>\n<\/div>\n<!-- \/module text -->        <\/div>\n                    <\/div>\n        <!-- module divider -->\n<div  class=\"module tf_mw module-divider tb_qp7020 dotted   \" style=\"border-width: 2px;border-color: #ba3030;margin-top: 10px;margin-bottom: 20px;\" data-lazy=\"1\">\n    <\/div>\n<!-- \/module divider -->\n        <\/div>\n                        <\/div>\n        <\/div>\n        <\/div>\n<!--\/themify_builder_content-->","protected":false},"excerpt":{"rendered":"<p>\u00a0 Kontakt &#8211; dodaj tre\u015b\u0107:<\/p>\n","protected":false},"author":1,"featured_media":0,"parent":0,"menu_order":0,"comment_status":"closed","ping_status":"closed","template":"","meta":{"footnotes":""},"class_list":["post-137","page","type-page","status-publish","hentry"],"builder_content":"\n<h3>\u00a0<\/h3> <h2 style=\"text-align: center;\">Kontakt - dodaj tre\u015b\u0107:<\/h2>\n<p style=\"text-align: justify;\">[contact-form-7 id=\"29\" title=\"Kontakt\"]<\/p>\n\n<h2 style=\"text-align: center;\">Kontakt z Poloni\u0105 w Chile:<\/h2> <p>\u00a0<\/p>\n<img src=\"https:\/\/www.polonia.cl\/web\/wp-content\/uploads\/2022\/05\/facebook_logo_portada-40x40.jpg\" width=\"40\" height=\"40\" title=\"facebook_logo_portada\" alt=\"facebook_logo_portada\" srcset=\"https:\/\/www.polonia.cl\/web\/wp-content\/uploads\/2022\/05\/facebook_logo_portada-40x40.jpg 40w, https:\/\/www.polonia.cl\/web\/wp-content\/uploads\/2022\/05\/facebook_logo_portada-150x150.jpg 150w, https:\/\/www.polonia.cl\/web\/wp-content\/uploads\/2022\/05\/facebook_logo_portada-53x53.jpg 53w, https:\/\/www.polonia.cl\/web\/wp-content\/uploads\/2022\/05\/facebook_logo_portada-85x85.jpg 85w, https:\/\/www.polonia.cl\/web\/wp-content\/uploads\/2022\/05\/facebook_logo_portada-570x570.jpg 570w, https:\/\/www.polonia.cl\/web\/wp-content\/uploads\/2022\/05\/facebook_logo_portada-380x380.jpg 380w, https:\/\/www.polonia.cl\/web\/wp-content\/uploads\/2022\/05\/facebook_logo_portada-285x285.jpg 285w\" sizes=\"(max-width: 40px) 100vw, 40px\" \/>\n<ul> <li> <h4><a href=\"https:\/\/www.facebook.com\/groups\/758150177651505\" target=\"_blank\" rel=\"noopener\">Polacy w Santiago de Chile<\/a><\/h4> <\/li> <li> <h4><a href=\"https:\/\/www.facebook.com\/login\/?next=https%3A%2F%2Fwww.facebook.com%2FPLenChile\" target=\"_blank\" rel=\"noopener\">Ambasada RP w Santiago<\/a><\/h4> <\/li> <li> <h4><a href=\"https:\/\/pl-pl.facebook.com\/polonia.chile\/\" target=\"_blank\" rel=\"noopener\">Polonia Chile<\/a><\/h4> <\/li> <li> <h4><a href=\"https:\/\/pl-pl.facebook.com\/login\/?next=https%3A%2F%2Fpl-pl.facebook.com%2Fpolacywchile\" target=\"_blank\" rel=\"noopener\">Club Polaco Polacy w Chile<\/a><\/h4> <\/li> <\/ul> <p>\u00a0<\/p>\n<img src=\"https:\/\/www.polonia.cl\/web\/wp-content\/uploads\/2022\/05\/Telegram-logo-1024x640-35x35.png\" width=\"35\" height=\"35\" title=\"Telegram-logo\" alt=\"Telegram-logo\" srcset=\"https:\/\/www.polonia.cl\/web\/wp-content\/uploads\/2022\/05\/Telegram-logo-1024x640-35x35.png 35w, https:\/\/www.polonia.cl\/web\/wp-content\/uploads\/2022\/05\/Telegram-logo-150x150.png 150w, https:\/\/www.polonia.cl\/web\/wp-content\/uploads\/2022\/05\/Telegram-logo-53x53.png 53w, https:\/\/www.polonia.cl\/web\/wp-content\/uploads\/2022\/05\/Telegram-logo-85x85.png 85w, https:\/\/www.polonia.cl\/web\/wp-content\/uploads\/2022\/05\/Telegram-logo-570x570.png 570w, https:\/\/www.polonia.cl\/web\/wp-content\/uploads\/2022\/05\/Telegram-logo-380x380.png 380w, https:\/\/www.polonia.cl\/web\/wp-content\/uploads\/2022\/05\/Telegram-logo-285x285.png 285w, https:\/\/www.polonia.cl\/web\/wp-content\/uploads\/2022\/05\/Telegram-logo-1024x640-40x40.png 40w, https:\/\/www.polonia.cl\/web\/wp-content\/uploads\/2022\/05\/Telegram-logo-1024x640-30x30.png 30w\" sizes=\"(max-width: 35px) 100vw, 35px\" \/>\n<ul> <li> <h4><a href=\"https:\/\/t.me\/+IuipeL6meK00YzBk\" target=\"_blank\" rel=\"noopener\">Polonia.cl<\/a><\/h4> <\/li> <\/ul> <p>\u00a0<\/p> <p>\u00a0<\/p> <p>\u00a0<\/p> <p>\u00a0<\/p>\n<img src=\"https:\/\/www.polonia.cl\/web\/wp-content\/uploads\/2022\/05\/WhatsApp.svg-40x40.webp\" width=\"40\" height=\"40\" title=\"WhatsApp.svg\" alt=\"WhatsApp.svg\" srcset=\"https:\/\/www.polonia.cl\/web\/wp-content\/uploads\/2022\/05\/WhatsApp.svg-40x40.webp 40w, https:\/\/www.polonia.cl\/web\/wp-content\/uploads\/2022\/05\/WhatsApp.svg-298x300.webp 298w, https:\/\/www.polonia.cl\/web\/wp-content\/uploads\/2022\/05\/WhatsApp.svg-150x150.webp 150w, https:\/\/www.polonia.cl\/web\/wp-content\/uploads\/2022\/05\/WhatsApp.svg-53x53.webp 53w, https:\/\/www.polonia.cl\/web\/wp-content\/uploads\/2022\/05\/WhatsApp.svg-85x85.webp 85w, https:\/\/www.polonia.cl\/web\/wp-content\/uploads\/2022\/05\/WhatsApp.svg-380x380.webp 380w, https:\/\/www.polonia.cl\/web\/wp-content\/uploads\/2022\/05\/WhatsApp.svg-285x285.webp 285w, https:\/\/www.polonia.cl\/web\/wp-content\/uploads\/2022\/05\/WhatsApp.svg-100x100.webp 100w, https:\/\/www.polonia.cl\/web\/wp-content\/uploads\/2022\/05\/WhatsApp.svg-50x50.webp 50w, https:\/\/www.polonia.cl\/web\/wp-content\/uploads\/2022\/05\/WhatsApp.svg-30x30.webp 30w, https:\/\/www.polonia.cl\/web\/wp-content\/uploads\/2022\/05\/WhatsApp.svg.webp 479w\" sizes=\"(max-width: 40px) 100vw, 40px\" \/>\n<ul> <li> <h4><a href=\"https:\/\/www.facebook.com\/groups\/758150177651505\" target=\"_blank\" rel=\"noopener\">Biuletyn dla Polak\u00f3w<\/a><\/h4> <\/li> <\/ul> <p>\u00a0<\/p> <p>\u00a0<\/p> <p>\u00a0<\/p> <p>\u00a0<\/p>\n","rttpg_featured_image_url":null,"rttpg_author":{"display_name":"admin","author_link":false},"rttpg_comment":0,"rttpg_category":null,"rttpg_excerpt":"\u00a0 Kontakt - dodaj tre\u015b\u0107:","_links":{"self":[{"href":"https:\/\/www.polonia.cl\/web\/wp-json\/wp\/v2\/pages\/137","targetHints":{"allow":["GET"]}}],"collection":[{"href":"https:\/\/www.polonia.cl\/web\/wp-json\/wp\/v2\/pages"}],"about":[{"href":"https:\/\/www.polonia.cl\/web\/wp-json\/wp\/v2\/types\/page"}],"author":[{"embeddable":true,"href":"https:\/\/www.polonia.cl\/web\/wp-json\/wp\/v2\/users\/1"}],"replies":[{"embeddable":true,"href":"https:\/\/www.polonia.cl\/web\/wp-json\/wp\/v2\/comments?post=137"}],"version-history":[{"count":31,"href":"https:\/\/www.polonia.cl\/web\/wp-json\/wp\/v2\/pages\/137\/revisions"}],"predecessor-version":[{"id":1766,"href":"https:\/\/www.polonia.cl\/web\/wp-json\/wp\/v2\/pages\/137\/revisions\/1766"}],"wp:attachment":[{"href":"https:\/\/www.polonia.cl\/web\/wp-json\/wp\/v2\/media?parent=137"}],"curies":[{"name":"wp","href":"https:\/\/api.w.org\/{rel}","templated":true}]}}